{"id":151,"date":"2017-11-10T13:00:50","date_gmt":"2017-11-10T13:00:50","guid":{"rendered":"http:\/\/servicelist.de\/vgan\/?page_id=151"},"modified":"2018-05-25T17:05:22","modified_gmt":"2018-05-25T17:05:22","slug":"mitglied-werden","status":"publish","type":"page","link":"http:\/\/wp12584746.server-he.de\/?page_id=151","title":{"rendered":"Mitglied werden oder aktiv mitarbeiten"},"content":{"rendered":"<div>\n<p>Sie Interessieren sich f\u00fcr eine Mitgliedschaft in unserem Verein?<\/p>\n<\/div>\n<p>Bitte schreiben Sie uns oder schicken Sie uns eine E-Mail.<\/p>\n<p>&nbsp;<\/p>\n<p>Aktive Mitwirkung?<\/p>\n<p>Wir w\u00fcrden uns freuen, wenn Sie wegen der M\u00f6glichkeiten, in unserem Verein aktiv mitzuarbeiten,\u00a0Kontakt mit uns aufnehmen w\u00fcrden.\u00a0 Wir sind ein Kreis von etwa 30 Aktiven, die sich regelm\u00e4\u00dfig montags und donnerstags vormittags treffen. Neben der Betreuung unserer Sammlungen veranstalten wir Museumsf\u00fchrungen, historische Rundg\u00e4nge durch Neckarau, informieren \u00fcber historische Gegebenheiten, veranstalten diverse M\u00e4rkte und Feste und bem\u00fchen uns um den Erhalt des Neckarauer Rathaus-Ensembles mit ehemaligem Rathaus, Remise und Badehaus. In unserem Archiv verwalten wir eine umf\u00e4ngliche Sammlung von Publikationen, Schriftst\u00fccken und historischen Aufnahmen, die in Teilen bereits digitalisiert zur Verf\u00fcgung stehen.<\/p>\n<p>Mithelferinnen und -helfer sind gerne willkommen. Schauen Sie doch einfach unverbindlich montags oder donnerstags vormittags zwischen 9 und 12 Uhr bei uns in der Remise, Rathausstr. 1-3, vorbei.<\/p>\n","protected":false},"excerpt":{"rendered":"<p>Sie Interessieren sich f\u00fcr eine Mitgliedschaft in unserem Verein? Bitte schreiben Sie uns oder schicken Sie uns eine E-Mail. &nbsp; Aktive Mitwirkung? Wir w\u00fcrden uns freuen, wenn Sie wegen der M\u00f6glichkeiten, in unserem Verein aktiv mitzuarbeiten,\u00a0Kontakt mit uns aufnehmen w\u00fcrden.\u00a0 Wir sind ein Kreis von etwa 30 Aktiven, die sich regelm\u00e4\u00dfig montags und donnerstags vormittags [&hellip;]<\/p>\n","protected":false},"author":1,"featured_media":0,"parent":0,"menu_order":0,"comment_status":"open","ping_status":"open","template":"","meta":[],"_links":{"self":[{"href":"http:\/\/wp12584746.server-he.de\/index.php?rest_route=\/wp\/v2\/pages\/151"}],"collection":[{"href":"http:\/\/wp12584746.server-he.de\/index.php?rest_route=\/wp\/v2\/pages"}],"about":[{"href":"http:\/\/wp12584746.server-he.de\/index.php?rest_route=\/wp\/v2\/types\/page"}],"author":[{"embeddable":true,"href":"http:\/\/wp12584746.server-he.de\/index.php?rest_route=\/wp\/v2\/users\/1"}],"replies":[{"embeddable":true,"href":"http:\/\/wp12584746.server-he.de\/index.php?rest_route=%2Fwp%2Fv2%2Fcomments&post=151"}],"version-history":[{"count":6,"href":"http:\/\/wp12584746.server-he.de\/index.php?rest_route=\/wp\/v2\/pages\/151\/revisions"}],"predecessor-version":[{"id":1835,"href":"http:\/\/wp12584746.server-he.de\/index.php?rest_route=\/wp\/v2\/pages\/151\/revisions\/1835"}],"wp:attachment":[{"href":"http:\/\/wp12584746.server-he.de\/index.php?rest_route=%2Fwp%2Fv2%2Fmedia&parent=151"}],"curies":[{"name":"wp","href":"https:\/\/api.w.org\/{rel}","templated":true}]}}